{"id":30,"date":"2020-01-23T19:50:20","date_gmt":"2020-01-23T19:50:20","guid":{"rendered":"http:\/\/winja.es\/?page_id=30"},"modified":"2020-01-23T19:50:20","modified_gmt":"2020-01-23T19:50:20","slug":"was-mache-ich","status":"publish","type":"page","link":"https:\/\/winja.es\/","title":{"rendered":"Was mache ich?"},"content":{"rendered":"\n<p>Auf dieser Seite k\u00f6nnen Sie sich einen Kuchen ihrer Wahl aussuchen und backen lassen. Nat\u00fcrlich m\u00fcssen Sie mich vorher kontaktieren und bei m\u00f6glichen Allergien Bescheid geben. Wenn sie wissen, welchen Kuchen sie wollen senden Sie mir eine Nachricht . Dann w\u00fcrde ich mit Ihnen einen Termin und Ort f\u00fcr die \u00dcbergabe des Kuchens aus machen.<br><\/p>\n","protected":false},"excerpt":{"rendered":"<p>Auf dieser Seite k\u00f6nnen Sie sich einen Kuchen ihrer Wahl aussuchen und backen lassen. Nat\u00fcrlich m\u00fcssen Sie mich vorher kontaktieren und bei m\u00f6glichen Allergien Bescheid geben. Wenn sie wissen, welchen Kuchen sie wollen senden Sie mir eine Nachricht . Dann w\u00fcrde ich mit Ihnen einen Termin und Ort f\u00fcr die \u00dcbergabe des Kuchens aus machen.<\/p>\n","protected":false},"author":1,"featured_media":0,"parent":0,"menu_order":0,"comment_status":"closed","ping_status":"closed","template":"","meta":{"footnotes":""},"class_list":["post-30","page","type-page","status-publish","hentry"],"_links":{"self":[{"href":"https:\/\/winja.es\/index.php?rest_route=\/wp\/v2\/pages\/30","targetHints":{"allow":["GET"]}}],"collection":[{"href":"https:\/\/winja.es\/index.php?rest_route=\/wp\/v2\/pages"}],"about":[{"href":"https:\/\/winja.es\/index.php?rest_route=\/wp\/v2\/types\/page"}],"author":[{"embeddable":true,"href":"https:\/\/winja.es\/index.php?rest_route=\/wp\/v2\/users\/1"}],"replies":[{"embeddable":true,"href":"https:\/\/winja.es\/index.php?rest_route=%2Fwp%2Fv2%2Fcomments&post=30"}],"version-history":[{"count":1,"href":"https:\/\/winja.es\/index.php?rest_route=\/wp\/v2\/pages\/30\/revisions"}],"predecessor-version":[{"id":31,"href":"https:\/\/winja.es\/index.php?rest_route=\/wp\/v2\/pages\/30\/revisions\/31"}],"wp:attachment":[{"href":"https:\/\/winja.es\/index.php?rest_route=%2Fwp%2Fv2%2Fmedia&parent=30"}],"curies":[{"name":"wp","href":"https:\/\/api.w.org\/{rel}","templated":true}]}}